{"id":22,"date":"2022-12-13T12:26:14","date_gmt":"2022-12-13T11:26:14","guid":{"rendered":"https:\/\/et2023.unibs.it\/?page_id=22"},"modified":"2023-05-09T10:47:05","modified_gmt":"2023-05-09T08:47:05","slug":"come-raggiungerci","status":"publish","type":"page","link":"https:\/\/et2023.unibs.it\/index.php\/come-raggiungerci\/","title":{"rendered":"Come raggiungerci"},"content":{"rendered":"\n<p class=\"has-ast-global-color-4-background-color has-background\">ET2023 si svolger\u00e0 dal 28 al 30 Giugno 2023 ad Iseo, in provincia di Brescia, presso il centro congressi dell&#8217;<a rel=\"noreferrer noopener\" href=\"https:\/\/www.google.com\/url?q=https%3A%2F%2Fwww.iseolagohotel.it%2F&amp;sa=D&amp;sntz=1&amp;usg=AOvVaw1QuNe29x-gGPfgB4uRV_Q4\" target=\"_blank\">Iseolago Hotel<\/a>. L&#8217;hotel \u00e8 a circa 1,5 km dalla stazione di Iseo, quindi risulta essere accessibile in modo comodo e veloce anche a piedi (vedi mappa).<br><a rel=\"noreferrer noopener\" href=\"https:\/\/et2023.unibs.it\/index.php\/informazioni-turistiche\/\" data-type=\"page\" data-id=\"932\" target=\"_blank\">Informazioni turistiche<\/a> per i partecipanti.<\/p>\n\n\n\n<div class=\"wp-block-columns is-layout-flex wp-container-core-columns-is-layout-28f84493 wp-block-columns-is-layout-flex\">\n<div class=\"wp-block-column has-ast-global-color-3-color has-ast-global-color-5-background-color has-text-color has-background has-link-color wp-elements-058b479cadcebd39df2ec2c4816fb70a is-layout-flow wp-block-column-is-layout-flow\" style=\"flex-basis:100%\">\n<div class=\"inherit-container-width wp-block-group has-ast-global-color-6-background-color has-background is-layout-constrained wp-block-group-is-layout-constrained\">\n<div class=\"inherit-container-width wp-block-group has-ast-global-color-5-background-color has-background is-layout-constrained wp-block-group-is-layout-constrained\">\n<div class=\"wp-block-columns is-layout-flex wp-container-core-columns-is-layout-28f84493 wp-block-columns-is-layout-flex\">\n<div class=\"wp-block-column is-layout-flow wp-block-column-is-layout-flow\" style=\"flex-basis:100%\">\n<div class=\"inherit-container-width wp-block-group is-layout-constrained wp-block-group-is-layout-constrained\">\n<div class=\"wp-block-columns is-layout-flex wp-container-core-columns-is-layout-28f84493 wp-block-columns-is-layout-flex\">\n<div class=\"wp-block-column is-layout-flow wp-block-column-is-layout-flow\" style=\"flex-basis:100%\">\t\t<div\n            id=\"wpmapblock_d92aa01a\"\n            data-settings='{&quot;map_marker&quot;:[{&quot;lat&quot;:&quot;45.65786&quot;,&quot;lng&quot;:&quot;10.03499&quot;,&quot;title&quot;:&quot;ET2023 - IseoLago Hotel&quot;,&quot;content&quot;:&quot;&quot;,&quot;iconType&quot;:&quot;default&quot;,&quot;customIconUrl&quot;:&quot;https:\\\/\\\/et2023.unibs.it\\\/wp-content\\\/uploads\\\/2022\\\/12\\\/Immagine-ET2023-2.jpg&quot;,&quot;customIconWidth&quot;:&quot;25&quot;,&quot;customIconHeight&quot;:&quot;40&quot;}],&quot;map_zoom&quot;:&quot;13&quot;,&quot;scroll_wheel_zoom&quot;:false,&quot;map_type&quot;:&quot;GM&quot;,&quot;center_index&quot;:0}'\n            class=\"wpmapblockrender\"\n            style=\"\n\t\t\twidth: 100%;\n\t\t\theight: 600px;\n\t\t\"\n            >\n        <\/div>\n        <\/div>\n<\/div>\n<\/div>\n<\/div>\n<\/div>\n\n\n\n<div style=\"height:50px\" aria-hidden=\"true\" class=\"wp-block-spacer\"><\/div>\n\n\n\n<figure class=\"wp-block-image alignwide size-large has-custom-border\"><img loading=\"lazy\" decoding=\"async\" width=\"1024\" height=\"675\" src=\"https:\/\/et2023.unibs.it\/wp-content\/uploads\/2022\/12\/Sala-FCorta-1-1-1024x675.jpg\" alt=\"\" class=\"has-border-color has-ast-global-color-5-border-color wp-image-100\" srcset=\"https:\/\/et2023.unibs.it\/wp-content\/uploads\/2022\/12\/Sala-FCorta-1-1-1024x675.jpg 1024w, https:\/\/et2023.unibs.it\/wp-content\/uploads\/2022\/12\/Sala-FCorta-1-1-300x198.jpg 300w, https:\/\/et2023.unibs.it\/wp-content\/uploads\/2022\/12\/Sala-FCorta-1-1-768x507.jpg 768w, https:\/\/et2023.unibs.it\/wp-content\/uploads\/2022\/12\/Sala-FCorta-1-1.jpg 1410w\" sizes=\"auto, (max-width: 1024px) 100vw, 1024px\" \/><\/figure>\n<\/div>\n<\/div>\n<\/div>\n\n\n\n<div class=\"wp-block-column is-vertically-aligned-center is-layout-flow wp-block-column-is-layout-flow\"><\/div>\n\n\n\n<div class=\"wp-block-column is-layout-flow wp-block-column-is-layout-flow\" style=\"padding-top:0;padding-right:0;padding-bottom:0;padding-left:0\"><\/div>\n\n\n\n<div class=\"wp-block-column is-layout-flow wp-block-column-is-layout-flow\" style=\"flex-basis:100%\">\n<h3 class=\"wp-block-heading has-ast-global-color-0-color has-text-color\">Treno:<\/h3>\n\n\n\n<p>La stazione FS di Brescia \u00e8 connessa alla principali citt\u00e0 italiane grazie al servizio ad Alta Velocit\u00e0 delle <a rel=\"noreferrer noopener\" href=\"https:\/\/www.trenitalia.com\" target=\"_blank\">Frecce<\/a> e di <a rel=\"noreferrer noopener\" href=\"https:\/\/www.italotreno.it\" data-type=\"URL\" data-id=\"https:\/\/www.italotreno.it\" target=\"_blank\">Italo<\/a>. Iseolago Hotel \u00e8 facilmente raggiungibile in treno dalla stazione FS di Brescia (in media pi\u00f9 di una corsa all&#8217;ora con tempo di percorrenza di 30 minuti) sfruttando il servizio ferroviario offerto da <a rel=\"noreferrer noopener\" href=\"https:\/\/www.trenord.it\" target=\"_blank\">Trenord<\/a>. Le corse per Iseo partono dai binari 1, 2 e 3 Ovest, vicino al binario 1. <\/p>\n\n\n\n<h3 class=\"wp-block-heading has-ast-global-color-0-color has-text-color\">Aereo:<\/h3>\n\n\n\n<p>L&#8217;aeroporto pi\u00f9 vicino \u00e8 quello di <a rel=\"noreferrer noopener\" href=\"https:\/\/www.milanbergamoairport.it\" target=\"_blank\">Milano-Bergamo<\/a>, a circa 35 km dalla location. E&#8217; disponibile un collegamento diretto <a rel=\"noreferrer noopener\" href=\"https:\/\/www.airportbusexpress.it\/it-IT\/orari-aeroportuali\/bresciaautostazione-orioalserio\" target=\"_blank\">autobus Autostradale<\/a> tra l&#8217;aeroporto e la stazione FS di Brescia. Altri aeroporti: Verona Villafranca (90 km), Milano Linate (92 km), Milano Malpensa (125 km).<\/p>\n\n\n\n<h3 class=\"wp-block-heading has-ast-global-color-0-color has-text-color\">Auto:<\/h3>\n\n\n\n<p>La location pu\u00f2 essere raggiunta in auto percorrendo l&#8217;autostrada A4 Milano-Venezia uscendo alle barriere di Rovato (12 km), Palazzolo (20 km), oppure Ospitaletto (30 km). <\/p>\n\n\n\n<h3 class=\"wp-block-heading has-ast-global-color-0-color has-text-color\">Altre informazioni utili:<\/h3>\n\n\n<ul style=\"padding-left: 1.1em; text-align: left; --ub-list-item-icon-top: 3px;; --ub-list-item-icon-size: 0.9em; --ub-list-item-background-image: url('data:image\/svg+xml;utf8,&lt;svg xmlns=&quot;http:\/\/www.w3.org\/2000\/svg&quot; viewBox=&quot;0 0 512 512&quot;&gt;&lt;path fill=&quot;%23000000&quot; d=&quot;M470.6 105.4c12.5 12.5 12.5 32.8 0 45.3l-256 256c-12.5 12.5-32.8 12.5-45.3 0l-128-128c-12.5-12.5-12.5-32.8 0-45.3s32.8-12.5 45.3 0L192 338.7 425.4 105.4c12.5-12.5 32.8-12.5 45.3 0z&quot;&gt;&lt;\/path&gt;&lt;\/svg&gt;'); --ub-list-item-fa-li-top: 3px; --ub-list-item-spacing: 4px; column-count: 1; --ub-list-mobile-column-count: 1; \" class=\"wp-block-ub-styled-list ub_styled_list\" id=\"ub_styled_list-441e7813-8df4-4545-9d32-5853665d3217\">\n<li class=\"ub_styled_list_item\" style=\"--ub-list-item-icon-top: 3px; --ub-list-item-icon-size: 0.9em; --ub-list-item-background-image: url('data:image\/svg+xml;utf8,&lt;svg xmlns=&quot;http:\/\/www.w3.org\/2000\/svg&quot; viewBox=&quot;0 0 512 512&quot;&gt;&lt;path fill=&quot;%23000000&quot; d=&quot;M470.6 105.4c12.5 12.5 12.5 32.8 0 45.3l-256 256c-12.5 12.5-32.8 12.5-45.3 0l-128-128c-12.5-12.5-12.5-32.8 0-45.3s32.8-12.5 45.3 0L192 338.7 425.4 105.4c12.5-12.5 32.8-12.5 45.3 0z&quot;&gt;&lt;\/path&gt;&lt;\/svg&gt;'); \" id=\"ub-styled-list-item-61bb989b-c8ba-45b0-8227-b0bd299a59c0\">\n\t\t\t<div class=\"ub_list_item_content\">\n\t\t\t\t<span class=\"ub_list_item_icon\">\n\t\t\t\t\t<svg width=\"0.9em\" height=\"0.9em\" xmlns=\"http:\/\/www.w3.org\/2000\/svg\" viewbox=\"0 0 512 512\"><path fill=\"#000000\" d=\"M470.6 105.4c12.5 12.5 12.5 32.8 0 45.3l-256 256c-12.5 12.5-32.8 12.5-45.3 0l-128-128c-12.5-12.5-12.5-32.8 0-45.3s32.8-12.5 45.3 0L192 338.7 425.4 105.4c12.5-12.5 32.8-12.5 45.3 0z\"><\/path><\/svg>\n\t\t\t\t<\/span>\n\t\t\t\t<span class=\"ub_list_item_text\">Come raggiungere il lago d&#8217;Iseo <a rel=\"noreferrer noopener\" href=\"https:\/\/visitlakeiseo.info\/info-per-il-turista\/raggiungere-il-lago-diseo-in-treno\/\" target=\"_blank\">in treno<\/a>.<\/span>\n\t\t\t<\/div>\n\t\t\t\n\t\t<\/li>\n\n<li class=\"ub_styled_list_item\" style=\"--ub-list-item-icon-top: 3px; --ub-list-item-icon-size: 0.9em; --ub-list-item-background-image: url('data:image\/svg+xml;utf8,&lt;svg xmlns=&quot;http:\/\/www.w3.org\/2000\/svg&quot; viewBox=&quot;0 0 512 512&quot;&gt;&lt;path fill=&quot;%23000000&quot; d=&quot;M470.6 105.4c12.5 12.5 12.5 32.8 0 45.3l-256 256c-12.5 12.5-32.8 12.5-45.3 0l-128-128c-12.5-12.5-12.5-32.8 0-45.3s32.8-12.5 45.3 0L192 338.7 425.4 105.4c12.5-12.5 32.8-12.5 45.3 0z&quot;&gt;&lt;\/path&gt;&lt;\/svg&gt;'); \" id=\"ub-styled-list-item-0e6d8354-a467-475c-b9d9-a5298eaa1a79\">\n\t\t\t<div class=\"ub_list_item_content\">\n\t\t\t\t<span class=\"ub_list_item_icon\">\n\t\t\t\t\t<svg width=\"0.9em\" height=\"0.9em\" xmlns=\"http:\/\/www.w3.org\/2000\/svg\" viewbox=\"0 0 512 512\"><path fill=\"#000000\" d=\"M470.6 105.4c12.5 12.5 12.5 32.8 0 45.3l-256 256c-12.5 12.5-32.8 12.5-45.3 0l-128-128c-12.5-12.5-12.5-32.8 0-45.3s32.8-12.5 45.3 0L192 338.7 425.4 105.4c12.5-12.5 32.8-12.5 45.3 0z\"><\/path><\/svg>\n\t\t\t\t<\/span>\n\t\t\t\t<span class=\"ub_list_item_text\">Come raggiungere il lago d&#8217;Iseo <a rel=\"noreferrer noopener\" href=\"https:\/\/visitlakeiseo.info\/info-per-il-turista\/raggiungere-il-lago-diseo-dagli-aeroporti\/\" target=\"_blank\">dagli aeroporti<\/a>.<\/span>\n\t\t\t<\/div>\n\t\t\t\n\t\t<\/li>\n\n<li class=\"ub_styled_list_item\" style=\"--ub-list-item-icon-top: 3px; --ub-list-item-icon-size: 0.9em; --ub-list-item-background-image: url('data:image\/svg+xml;utf8,&lt;svg xmlns=&quot;http:\/\/www.w3.org\/2000\/svg&quot; viewBox=&quot;0 0 512 512&quot;&gt;&lt;path fill=&quot;%23000000&quot; d=&quot;M470.6 105.4c12.5 12.5 12.5 32.8 0 45.3l-256 256c-12.5 12.5-32.8 12.5-45.3 0l-128-128c-12.5-12.5-12.5-32.8 0-45.3s32.8-12.5 45.3 0L192 338.7 425.4 105.4c12.5-12.5 32.8-12.5 45.3 0z&quot;&gt;&lt;\/path&gt;&lt;\/svg&gt;'); \" id=\"ub-styled-list-item-32ae4926-f49c-408d-808b-16cf45cb5534\">\n\t\t\t<div class=\"ub_list_item_content\">\n\t\t\t\t<span class=\"ub_list_item_icon\">\n\t\t\t\t\t<svg width=\"0.9em\" height=\"0.9em\" xmlns=\"http:\/\/www.w3.org\/2000\/svg\" viewbox=\"0 0 512 512\"><path fill=\"#000000\" d=\"M470.6 105.4c12.5 12.5 12.5 32.8 0 45.3l-256 256c-12.5 12.5-32.8 12.5-45.3 0l-128-128c-12.5-12.5-12.5-32.8 0-45.3s32.8-12.5 45.3 0L192 338.7 425.4 105.4c12.5-12.5 32.8-12.5 45.3 0z\"><\/path><\/svg>\n\t\t\t\t<\/span>\n\t\t\t\t<span class=\"ub_list_item_text\">Come raggiungere il lago d&#8217;Iseo <a rel=\"noreferrer noopener\" href=\"https:\/\/visitlakeiseo.info\/info-per-il-turista\/raggiungere-il-lago-diseo-in-automobile\/\" target=\"_blank\">in automobile<\/a>.<\/span>\n\t\t\t<\/div>\n\t\t\t\n\t\t<\/li>\n\n<li class=\"ub_styled_list_item\" style=\"--ub-list-item-icon-top: 3px; --ub-list-item-icon-size: 0.9em; --ub-list-item-background-image: url('data:image\/svg+xml;utf8,&lt;svg xmlns=&quot;http:\/\/www.w3.org\/2000\/svg&quot; viewBox=&quot;0 0 512 512&quot;&gt;&lt;path fill=&quot;%23000000&quot; d=&quot;M470.6 105.4c12.5 12.5 12.5 32.8 0 45.3l-256 256c-12.5 12.5-32.8 12.5-45.3 0l-128-128c-12.5-12.5-12.5-32.8 0-45.3s32.8-12.5 45.3 0L192 338.7 425.4 105.4c12.5-12.5 32.8-12.5 45.3 0z&quot;&gt;&lt;\/path&gt;&lt;\/svg&gt;'); \" id=\"ub-styled-list-item-3353dc64-de85-4a6e-98e7-f025aabdf826\">\n\t\t\t<div class=\"ub_list_item_content\">\n\t\t\t\t<span class=\"ub_list_item_icon\">\n\t\t\t\t\t<svg width=\"0.9em\" height=\"0.9em\" xmlns=\"http:\/\/www.w3.org\/2000\/svg\" viewbox=\"0 0 512 512\"><path fill=\"#000000\" d=\"M470.6 105.4c12.5 12.5 12.5 32.8 0 45.3l-256 256c-12.5 12.5-32.8 12.5-45.3 0l-128-128c-12.5-12.5-12.5-32.8 0-45.3s32.8-12.5 45.3 0L192 338.7 425.4 105.4c12.5-12.5 32.8-12.5 45.3 0z\"><\/path><\/svg>\n\t\t\t\t<\/span>\n\t\t\t\t<span class=\"ub_list_item_text\">Come muoversi intorno al lago con <a rel=\"noreferrer noopener\" href=\"https:\/\/visitlakeiseo.info\/info-per-il-turista\/muoversi-con-autobus-di-linea\/\" target=\"_blank\">autobus di linea<\/a>.<\/span>\n\t\t\t<\/div>\n\t\t\t\n\t\t<\/li>\n\n<li class=\"ub_styled_list_item\" style=\"--ub-list-item-icon-top: 3px; --ub-list-item-icon-size: 0.9em; --ub-list-item-background-image: url('data:image\/svg+xml;utf8,&lt;svg xmlns=&quot;http:\/\/www.w3.org\/2000\/svg&quot; viewBox=&quot;0 0 512 512&quot;&gt;&lt;path fill=&quot;%23000000&quot; d=&quot;M470.6 105.4c12.5 12.5 12.5 32.8 0 45.3l-256 256c-12.5 12.5-32.8 12.5-45.3 0l-128-128c-12.5-12.5-12.5-32.8 0-45.3s32.8-12.5 45.3 0L192 338.7 425.4 105.4c12.5-12.5 32.8-12.5 45.3 0z&quot;&gt;&lt;\/path&gt;&lt;\/svg&gt;'); \" id=\"ub-styled-list-item-30f72749-9b6d-4a34-9a92-c67789faefbf\">\n\t\t\t<div class=\"ub_list_item_content\">\n\t\t\t\t<span class=\"ub_list_item_icon\">\n\t\t\t\t\t<svg width=\"0.9em\" height=\"0.9em\" xmlns=\"http:\/\/www.w3.org\/2000\/svg\" viewbox=\"0 0 512 512\"><path fill=\"#000000\" d=\"M470.6 105.4c12.5 12.5 12.5 32.8 0 45.3l-256 256c-12.5 12.5-32.8 12.5-45.3 0l-128-128c-12.5-12.5-12.5-32.8 0-45.3s32.8-12.5 45.3 0L192 338.7 425.4 105.4c12.5-12.5 32.8-12.5 45.3 0z\"><\/path><\/svg>\n\t\t\t\t<\/span>\n\t\t\t\t<span class=\"ub_list_item_text\">Elenco dei servizi <a rel=\"noreferrer noopener\" href=\"https:\/\/visitlakeiseo.info\/info-per-il-turista\/elenco-taxi-e-ncc\/\" target=\"_blank\">taxi e NCC<\/a>.<\/span>\n\t\t\t<\/div>\n\t\t\t\n\t\t<\/li>\n\n<li class=\"ub_styled_list_item\" style=\"--ub-list-item-icon-top: 3px; --ub-list-item-icon-size: 0.9em; --ub-list-item-background-image: url('data:image\/svg+xml;utf8,&lt;svg xmlns=&quot;http:\/\/www.w3.org\/2000\/svg&quot; viewBox=&quot;0 0 512 512&quot;&gt;&lt;path fill=&quot;%23000000&quot; d=&quot;M470.6 105.4c12.5 12.5 12.5 32.8 0 45.3l-256 256c-12.5 12.5-32.8 12.5-45.3 0l-128-128c-12.5-12.5-12.5-32.8 0-45.3s32.8-12.5 45.3 0L192 338.7 425.4 105.4c12.5-12.5 32.8-12.5 45.3 0z&quot;&gt;&lt;\/path&gt;&lt;\/svg&gt;'); \" id=\"ub-styled-list-item-fe732d33-491a-4305-a446-9e96eae37750\">\n\t\t\t<div class=\"ub_list_item_content\">\n\t\t\t\t<span class=\"ub_list_item_icon\">\n\t\t\t\t\t<svg width=\"0.9em\" height=\"0.9em\" xmlns=\"http:\/\/www.w3.org\/2000\/svg\" viewbox=\"0 0 512 512\"><path fill=\"#000000\" d=\"M470.6 105.4c12.5 12.5 12.5 32.8 0 45.3l-256 256c-12.5 12.5-32.8 12.5-45.3 0l-128-128c-12.5-12.5-12.5-32.8 0-45.3s32.8-12.5 45.3 0L192 338.7 425.4 105.4c12.5-12.5 32.8-12.5 45.3 0z\"><\/path><\/svg>\n\t\t\t\t<\/span>\n\t\t\t\t<span class=\"ub_list_item_text\">Orario di <a rel=\"noreferrer noopener\" href=\"https:\/\/visitlakeiseo.info\/info-per-il-turista\/orario-traghetti-e-battelli\/\" target=\"_blank\">traghetti e battelli<\/a>.<\/span>\n\t\t\t<\/div>\n\t\t\t\n\t\t<\/li>\n\n<li class=\"ub_styled_list_item\" style=\"--ub-list-item-icon-top: 3px; --ub-list-item-icon-size: 0.9em; --ub-list-item-background-image: url('data:image\/svg+xml;utf8,&lt;svg xmlns=&quot;http:\/\/www.w3.org\/2000\/svg&quot; viewBox=&quot;0 0 512 512&quot;&gt;&lt;path fill=&quot;%23000000&quot; d=&quot;M470.6 105.4c12.5 12.5 12.5 32.8 0 45.3l-256 256c-12.5 12.5-32.8 12.5-45.3 0l-128-128c-12.5-12.5-12.5-32.8 0-45.3s32.8-12.5 45.3 0L192 338.7 425.4 105.4c12.5-12.5 32.8-12.5 45.3 0z&quot;&gt;&lt;\/path&gt;&lt;\/svg&gt;'); \" id=\"ub-styled-list-item-d3f62830-b4cb-4820-a7d6-0a2c5e937e24\">\n\t\t\t<div class=\"ub_list_item_content\">\n\t\t\t\t<span class=\"ub_list_item_icon\">\n\t\t\t\t\t<svg width=\"0.9em\" height=\"0.9em\" xmlns=\"http:\/\/www.w3.org\/2000\/svg\" viewbox=\"0 0 512 512\"><path fill=\"#000000\" d=\"M470.6 105.4c12.5 12.5 12.5 32.8 0 45.3l-256 256c-12.5 12.5-32.8 12.5-45.3 0l-128-128c-12.5-12.5-12.5-32.8 0-45.3s32.8-12.5 45.3 0L192 338.7 425.4 105.4c12.5-12.5 32.8-12.5 45.3 0z\"><\/path><\/svg>\n\t\t\t\t<\/span>\n\t\t\t\t<span class=\"ub_list_item_text\">Noleggio auto <a rel=\"noreferrer noopener\" href=\"https:\/\/www.iseorent-automobiliguerrieri.com\/it\/\" target=\"_blank\">Iseorent<\/a> (500 m dalla location).<\/span>\n\t\t\t<\/div>\n\t\t\t\n\t\t<\/li>\n\n<li class=\"ub_styled_list_item\" style=\"--ub-list-item-icon-top: 3px; --ub-list-item-icon-size: 0.9em; --ub-list-item-background-image: url('data:image\/svg+xml;utf8,&lt;svg xmlns=&quot;http:\/\/www.w3.org\/2000\/svg&quot; viewBox=&quot;0 0 512 512&quot;&gt;&lt;path fill=&quot;%23000000&quot; d=&quot;M470.6 105.4c12.5 12.5 12.5 32.8 0 45.3l-256 256c-12.5 12.5-32.8 12.5-45.3 0l-128-128c-12.5-12.5-12.5-32.8 0-45.3s32.8-12.5 45.3 0L192 338.7 425.4 105.4c12.5-12.5 32.8-12.5 45.3 0z&quot;&gt;&lt;\/path&gt;&lt;\/svg&gt;'); \" id=\"ub-styled-list-item-45303935-7d79-477f-bd9e-d122c0783dfb\">\n\t\t\t<div class=\"ub_list_item_content\">\n\t\t\t\t<span class=\"ub_list_item_icon\">\n\t\t\t\t\t<svg width=\"0.9em\" height=\"0.9em\" xmlns=\"http:\/\/www.w3.org\/2000\/svg\" viewbox=\"0 0 512 512\"><path fill=\"#000000\" d=\"M470.6 105.4c12.5 12.5 12.5 32.8 0 45.3l-256 256c-12.5 12.5-32.8 12.5-45.3 0l-128-128c-12.5-12.5-12.5-32.8 0-45.3s32.8-12.5 45.3 0L192 338.7 425.4 105.4c12.5-12.5 32.8-12.5 45.3 0z\"><\/path><\/svg>\n\t\t\t\t<\/span>\n\t\t\t\t<span class=\"ub_list_item_text\">Noleggio bici <a href=\"https:\/\/iseo-rent.it\" target=\"_blank\" rel=\"noreferrer noopener\">Iseo Rent Bike<\/a> (400 m dalla location).<\/span>\n\t\t\t<\/div>\n\t\t\t\n\t\t<\/li>\n<\/ul><\/div>\n<\/div>\n\n\n\n<p><\/p>\n\n\n\n<p><\/p>\n\n\n\n<p><\/p>\n","protected":false},"excerpt":{"rendered":"<p>ET2023 si svolger\u00e0 dal 28 al 30 Giugno 2023 ad Iseo, in provincia di Brescia, presso il centro congressi dell&#8217;Iseolago Hotel. L&#8217;hotel \u00e8 a circa 1,5 km dalla stazione di Iseo, quindi risulta essere accessibile in modo comodo e veloce anche a piedi (vedi mappa).Informazioni turistiche per i partecipanti. Treno: La stazione FS di Brescia [&hellip;]<\/p>\n","protected":false},"author":1,"featured_media":0,"parent":0,"menu_order":0,"comment_status":"closed","ping_status":"closed","template":"","meta":{"site-sidebar-layout":"default","site-content-layout":"","ast-site-content-layout":"default","site-content-style":"default","site-sidebar-style":"default","ast-global-header-display":"","ast-banner-title-visibility":"","ast-main-header-display":"","ast-hfb-above-header-display":"","ast-hfb-below-header-display":"","ast-hfb-mobile-header-display":"","site-post-title":"","ast-breadcrumbs-content":"","ast-featured-img":"","footer-sml-layout":"","ast-disable-related-posts":"","theme-transparent-header-meta":"","adv-header-id-meta":"","stick-header-meta":"","header-above-stick-meta":"","header-main-stick-meta":"","header-below-stick-meta":"","astra-migrate-meta-layouts":"default","ast-page-background-enabled":"default","ast-page-background-meta":{"desktop":{"background-color":"var(--ast-global-color-4)","background-image":"","background-repeat":"repeat","background-position":"center center","background-size":"auto","background-attachment":"scroll","background-type":"","background-media":"","overlay-type":"","overlay-color":"","overlay-opacity":"","overlay-gradient":""},"tablet":{"background-color":"","background-image":"","background-repeat":"repeat","background-position":"center center","background-size":"auto","background-attachment":"scroll","background-type":"","background-media":"","overlay-type":"","overlay-color":"","overlay-opacity":"","overlay-gradient":""},"mobile":{"background-color":"","background-image":"","background-repeat":"repeat","background-position":"center center","background-size":"auto","background-attachment":"scroll","background-type":"","background-media":"","overlay-type":"","overlay-color":"","overlay-opacity":"","overlay-gradient":""}},"ast-content-background-meta":{"desktop":{"background-color":"var(--ast-global-color-5)","background-image":"","background-repeat":"repeat","background-position":"center center","background-size":"auto","background-attachment":"scroll","background-type":"","background-media":"","overlay-type":"","overlay-color":"","overlay-opacity":"","overlay-gradient":""},"tablet":{"background-color":"var(--ast-global-color-5)","background-image":"","background-repeat":"repeat","background-position":"center center","background-size":"auto","background-attachment":"scroll","background-type":"","background-media":"","overlay-type":"","overlay-color":"","overlay-opacity":"","overlay-gradient":""},"mobile":{"background-color":"var(--ast-global-color-5)","background-image":"","background-repeat":"repeat","background-position":"center center","background-size":"auto","background-attachment":"scroll","background-type":"","background-media":"","overlay-type":"","overlay-color":"","overlay-opacity":"","overlay-gradient":""}},"footnotes":""},"class_list":["post-22","page","type-page","status-publish","hentry"],"featured_image_src":null,"_links":{"self":[{"href":"https:\/\/et2023.unibs.it\/index.php\/wp-json\/wp\/v2\/pages\/22","targetHints":{"allow":["GET"]}}],"collection":[{"href":"https:\/\/et2023.unibs.it\/index.php\/wp-json\/wp\/v2\/pages"}],"about":[{"href":"https:\/\/et2023.unibs.it\/index.php\/wp-json\/wp\/v2\/types\/page"}],"author":[{"embeddable":true,"href":"https:\/\/et2023.unibs.it\/index.php\/wp-json\/wp\/v2\/users\/1"}],"replies":[{"embeddable":true,"href":"https:\/\/et2023.unibs.it\/index.php\/wp-json\/wp\/v2\/comments?post=22"}],"version-history":[{"count":76,"href":"https:\/\/et2023.unibs.it\/index.php\/wp-json\/wp\/v2\/pages\/22\/revisions"}],"predecessor-version":[{"id":998,"href":"https:\/\/et2023.unibs.it\/index.php\/wp-json\/wp\/v2\/pages\/22\/revisions\/998"}],"wp:attachment":[{"href":"https:\/\/et2023.unibs.it\/index.php\/wp-json\/wp\/v2\/media?parent=22"}],"curies":[{"name":"wp","href":"https:\/\/api.w.org\/{rel}","templated":true}]}}